{"id":4033,"date":"2021-01-06T15:30:35","date_gmt":"2021-01-06T15:30:35","guid":{"rendered":"https:\/\/plenamedia.tv\/kontakt\/"},"modified":"2021-03-31T10:48:51","modified_gmt":"2021-03-31T10:48:51","slug":"contact","status":"publish","type":"page","link":"https:\/\/plenamedia.tv\/fr\/contact\/","title":{"rendered":"Contact"},"content":{"rendered":"<div id=\"pl-4033\"  class=\"panel-layout\" ><div id=\"pg-4033-0\"  class=\"panel-grid panel-has-style\" ><div class=\"panel-row-style panel-row-style-for-4033-0\" ><div id=\"pgc-4033-0-0\"  class=\"panel-grid-cell\" ><div id=\"panel-4033-0-0-0\" class=\"so-panel widget widget_cruddy-area-sow panel-first-child panel-last-child\" data-index=\"0\" ><div\n\t\t\t\n\t\t\tclass=\"so-widget-cruddy-area-sow so-widget-cruddy-area-sow-base\"\n\t\t\t\n\t\t>\r\n<div class=\"cruddy-area\">\r\n\t<div class=\"cruddy-area-content\" style=\"max-width: 1180px\">\r\n\t\t<div id=\"pl-wd925d692\"  class=\"panel-layout\" ><div id=\"pg-wd925d692-0\"  class=\"panel-grid panel-no-style\" ><div id=\"pgc-wd925d692-0-0\"  class=\"panel-grid-cell\" ><div id=\"panel-wd925d692-0-0-0\" class=\"so-panel widget widget_sow-editor panel-first-child\" data-index=\"0\" ><div\n\t\t\t\n\t\t\tclass=\"so-widget-sow-editor so-widget-sow-editor-base\"\n\t\t\t\n\t\t>\n<div class=\"siteorigin-widget-tinymce textwidget\">\n\t\n<div class=\"wpcf7 no-js\" id=\"wpcf7-f5724-o1\" lang=\"fr-FR\" dir=\"ltr\">\n<div class=\"screen-reader-response\"><p role=\"status\" aria-live=\"polite\" aria-atomic=\"true\"><\/p> <ul><\/ul><\/div>\n<form action=\"\/fr\/wp-json\/wp\/v2\/pages\/4033#wpcf7-f5724-o1\" method=\"post\" class=\"wpcf7-form init\" aria-label=\"Formulaire de contact\" novalidate=\"novalidate\" data-status=\"init\">\n<div style=\"display: none;\">\n<input type=\"hidden\" name=\"_wpcf7\" value=\"5724\" \/>\n<input type=\"hidden\" name=\"_wpcf7_version\" value=\"5.9.8\" \/>\n<input type=\"hidden\" name=\"_wpcf7_locale\" value=\"fr_FR\" \/>\n<input type=\"hidden\" name=\"_wpcf7_unit_tag\" value=\"wpcf7-f5724-o1\" \/>\n<input type=\"hidden\" name=\"_wpcf7_container_post\" value=\"0\" \/>\n<input type=\"hidden\" name=\"_wpcf7_posted_data_hash\" value=\"\" \/>\n<input type=\"hidden\" name=\"_wpcf7_recaptcha_response\" value=\"\" \/>\n<\/div>\n<p><div class=\"cruddy-row contact-form\"><div class=\"cruddy-col\" style=\"width: 50%;\"><label>Nom \/ Soci\u00e9t\u00e9*<span class=\"wpcf7-form-control-wrap\" data-name=\"your-name\"><input size=\"40\" maxlength=\"400\" class=\"wpcf7-form-control wpcf7-text wpcf7-validates-as-required\" aria-required=\"true\" aria-invalid=\"false\" value=\"\" type=\"text\" name=\"your-name\" \/><\/span><\/label><label>Adresse e-mail*<span class=\"wpcf7-form-control-wrap\" data-name=\"your-email\"><input size=\"40\" maxlength=\"400\" class=\"wpcf7-form-control wpcf7-email wpcf7-validates-as-required wpcf7-text wpcf7-validates-as-email\" aria-required=\"true\" aria-invalid=\"false\" value=\"\" type=\"email\" name=\"your-email\" \/><\/span><\/label><label> T\u00e9l\u00e9phone<span class=\"wpcf7-form-control-wrap\" data-name=\"your-phone\"><input size=\"40\" maxlength=\"400\" class=\"wpcf7-form-control wpcf7-tel wpcf7-validates-as-required wpcf7-text wpcf7-validates-as-tel\" aria-required=\"true\" aria-invalid=\"false\" value=\"\" type=\"tel\" name=\"your-phone\" \/><\/span><\/label><\/div><div class=\"cruddy-col\" style=\"width: 50%;\"><label class=\"message\">Message*<span class=\"wpcf7-form-control-wrap\" data-name=\"your-message\"><textarea cols=\"40\" rows=\"10\" maxlength=\"2000\" class=\"wpcf7-form-control wpcf7-textarea wpcf7-validates-as-required\" aria-required=\"true\" aria-invalid=\"false\" name=\"your-message\"><\/textarea><\/span><\/label><\/div><\/div>\n<\/p>\n<p><span class=\"wpcf7-form-control-wrap\" data-name=\"acceptance-805\"><span class=\"wpcf7-form-control wpcf7-acceptance\"><span class=\"wpcf7-list-item\"><input type=\"checkbox\" name=\"acceptance-805\" value=\"1\" aria-invalid=\"false\" \/><\/span><\/span><\/span> * J\u2019ai lu la <a href=\"\/fr\/politique-de-confidentialite\/\">Politique de confidentialit\u00e9<\/a> et j\u2019accepte par la pr\u00e9sente le traitement des donn\u00e9es que je fournis dans le but de r\u00e9pondre \u00e0 ma demande.\n<\/p>\n<p><input class=\"wpcf7-form-control wpcf7-submit has-spinner\" type=\"submit\" value=\"Envoyer\" \/>\n<\/p><div class=\"wpcf7-response-output\" aria-hidden=\"true\"><\/div>\n<\/form>\n<\/div>\n\n<\/div>\n<\/div><\/div><div id=\"panel-wd925d692-0-0-1\" class=\"so-panel widget widget_sow-editor panel-last-child\" data-index=\"1\" ><div\n\t\t\t\n\t\t\tclass=\"so-widget-sow-editor so-widget-sow-editor-base\"\n\t\t\t\n\t\t>\n<div class=\"siteorigin-widget-tinymce textwidget\">\n\t<p>Vous pouvez \u00e9galement envoyer votre demande <a href=\"mailto:info@plenamedia.tv\">par e-mail<\/a>.<\/p>\n<\/div>\n<\/div><\/div><\/div><\/div><\/div>\t<\/div>\r\n<\/div><\/div><\/div><\/div><\/div><\/div><div id=\"pg-4033-1\"  class=\"panel-grid panel-has-style\" ><div class=\"panel-row-style panel-row-style-for-4033-1\" ><div id=\"pgc-4033-1-0\"  class=\"panel-grid-cell\" ><div id=\"panel-4033-1-0-0\" class=\"so-panel widget widget_cruddy-area-sow panel-first-child panel-last-child\" data-index=\"1\" ><div\n\t\t\t\n\t\t\tclass=\"so-widget-cruddy-area-sow so-widget-cruddy-area-sow-base\"\n\t\t\t\n\t\t>\r\n<div class=\"cruddy-area\">\r\n\t<div class=\"cruddy-area-content\" style=\"max-width: 1180px\">\r\n\t\t<div id=\"pl-weba089dd\"  class=\"panel-layout\" ><div id=\"pg-weba089dd-0\"  class=\"panel-grid panel-no-style\" ><div id=\"pgc-weba089dd-0-0\"  class=\"panel-grid-cell\" ><div id=\"panel-weba089dd-0-0-0\" class=\"so-panel widget widget_cruddy-heading-sow panel-first-child\" data-index=\"0\" ><div\n\t\t\t\n\t\t\tclass=\"so-widget-cruddy-heading-sow so-widget-cruddy-heading-sow-cruddy-heading-26fd5c98b6aa-4033\"\n\t\t\t\n\t\t><div class=\"cruddy-heading h3\"><h3 class='heading'>CONTACT AIS\u00c9 GR\u00c2CE \u00c0 NOTRE SERVICE DE RAPPEL<\/h3><\/div>\n<\/div><\/div><div id=\"panel-weba089dd-0-0-1\" class=\"so-panel widget widget_sow-editor panel-last-child\" data-index=\"1\" ><div\n\t\t\t\n\t\t\tclass=\"so-widget-sow-editor so-widget-sow-editor-base\"\n\t\t\t\n\t\t>\n<div class=\"siteorigin-widget-tinymce textwidget\">\n\t\n<div class=\"wpcf7 no-js\" id=\"wpcf7-f5725-o2\" lang=\"fr-FR\" dir=\"ltr\">\n<div class=\"screen-reader-response\"><p role=\"status\" aria-live=\"polite\" aria-atomic=\"true\"><\/p> <ul><\/ul><\/div>\n<form action=\"\/fr\/wp-json\/wp\/v2\/pages\/4033#wpcf7-f5725-o2\" method=\"post\" class=\"wpcf7-form init\" aria-label=\"Formulaire de contact\" novalidate=\"novalidate\" data-status=\"init\">\n<div style=\"display: none;\">\n<input type=\"hidden\" name=\"_wpcf7\" value=\"5725\" \/>\n<input type=\"hidden\" name=\"_wpcf7_version\" value=\"5.9.8\" \/>\n<input type=\"hidden\" name=\"_wpcf7_locale\" value=\"fr_FR\" \/>\n<input type=\"hidden\" name=\"_wpcf7_unit_tag\" value=\"wpcf7-f5725-o2\" \/>\n<input type=\"hidden\" name=\"_wpcf7_container_post\" value=\"0\" \/>\n<input type=\"hidden\" name=\"_wpcf7_posted_data_hash\" value=\"\" \/>\n<input type=\"hidden\" name=\"_wpcf7_recaptcha_response\" value=\"\" \/>\n<\/div>\n<div class=\"call-back-form\">\n\t<p><span class=\"wpcf7-form-control-wrap\" data-name=\"your-phone\"><input size=\"40\" maxlength=\"400\" class=\"wpcf7-form-control wpcf7-tel wpcf7-validates-as-required wpcf7-text wpcf7-validates-as-tel\" aria-required=\"true\" aria-invalid=\"false\" placeholder=\"Num\u00e9ro de t\u00e9l\u00e9phone\" value=\"\" type=\"tel\" name=\"your-phone\" \/><\/span><input class=\"wpcf7-form-control wpcf7-submit has-spinner\" type=\"submit\" value=\"Demander \u00e0 \u00eatre rappel\u00e9\" \/>\n\t<\/p>\n<\/div><div class=\"wpcf7-response-output\" aria-hidden=\"true\"><\/div>\n<\/form>\n<\/div>\n\n<\/div>\n<\/div><\/div><\/div><\/div><\/div>\t<\/div>\r\n<\/div><\/div><\/div><\/div><\/div><\/div><\/div>","protected":false},"excerpt":{"rendered":"<p>Nom \/ Soci\u00e9t\u00e9*Adresse e-mail* T\u00e9l\u00e9phoneMessage* * J\u2019ai lu la Politique de confidentialit\u00e9 et j\u2019accepte par la pr\u00e9sente le traitement des donn\u00e9es que je fournis dans le but de r\u00e9pondre \u00e0 ma demande. Vous pouvez \u00e9galement envoyer votre demande par e-mail. CONTACT AIS\u00c9 GR\u00c2CE \u00c0 NOTRE SERVICE DE RAPPEL<\/p>\n","protected":false},"author":1,"featured_media":0,"parent":0,"menu_order":0,"comment_status":"closed","ping_status":"closed","template":"","meta":{"_acf_changed":false,"footnotes":""},"acf":[],"yoast_head":"<!-- This site is optimized with the Yoast SEO plugin v24.5 - https:\/\/yoast.com\/wordpress\/plugins\/seo\/ -->\n<title>Contact - plenamedia.tv<\/title>\n<meta name=\"robots\" content=\"index, follow, max-snippet:-1, max-image-preview:large, max-video-preview:-1\" \/>\n<link rel=\"canonical\" href=\"https:\/\/plenamedia.tv\/fr\/contact\/\" \/>\n<meta property=\"og:locale\" content=\"fr_FR\" \/>\n<meta property=\"og:type\" content=\"article\" \/>\n<meta property=\"og:title\" content=\"Contact - plenamedia.tv\" \/>\n<meta property=\"og:description\" content=\"Nom \/ Soci\u00e9t\u00e9*Adresse e-mail* T\u00e9l\u00e9phoneMessage* * J\u2019ai lu la Politique de confidentialit\u00e9 et j\u2019accepte par la pr\u00e9sente le traitement des donn\u00e9es que je fournis dans le but de r\u00e9pondre \u00e0 ma demande. Vous pouvez \u00e9galement envoyer votre demande par e-mail. CONTACT AIS\u00c9 GR\u00c2CE \u00c0 NOTRE SERVICE DE RAPPEL\" \/>\n<meta property=\"og:url\" content=\"https:\/\/plenamedia.tv\/fr\/contact\/\" \/>\n<meta property=\"og:site_name\" content=\"plenamedia.tv\" \/>\n<meta property=\"article:publisher\" content=\"https:\/\/www.facebook.com\/plenamediatv\/\" \/>\n<meta property=\"article:modified_time\" content=\"2021-03-31T10:48:51+00:00\" \/>\n<meta property=\"og:image\" content=\"https:\/\/plenamedia.tv\/wp-content\/uploads\/2021\/06\/plenamedia-tv-logo.png\" \/>\n\t<meta property=\"og:image:width\" content=\"512\" \/>\n\t<meta property=\"og:image:height\" content=\"70\" \/>\n\t<meta property=\"og:image:type\" content=\"image\/png\" \/>\n<meta name=\"twitter:card\" content=\"summary_large_image\" \/>\n<!-- \/ Yoast SEO plugin. -->","yoast_head_json":{"title":"Contact - plenamedia.tv","robots":{"index":"index","follow":"follow","max-snippet":"max-snippet:-1","max-image-preview":"max-image-preview:large","max-video-preview":"max-video-preview:-1"},"canonical":"https:\/\/plenamedia.tv\/fr\/contact\/","og_locale":"fr_FR","og_type":"article","og_title":"Contact - plenamedia.tv","og_description":"Nom \/ Soci\u00e9t\u00e9*Adresse e-mail* T\u00e9l\u00e9phoneMessage* * J\u2019ai lu la Politique de confidentialit\u00e9 et j\u2019accepte par la pr\u00e9sente le traitement des donn\u00e9es que je fournis dans le but de r\u00e9pondre \u00e0 ma demande. Vous pouvez \u00e9galement envoyer votre demande par e-mail. CONTACT AIS\u00c9 GR\u00c2CE \u00c0 NOTRE SERVICE DE RAPPEL","og_url":"https:\/\/plenamedia.tv\/fr\/contact\/","og_site_name":"plenamedia.tv","article_publisher":"https:\/\/www.facebook.com\/plenamediatv\/","article_modified_time":"2021-03-31T10:48:51+00:00","og_image":[{"width":512,"height":70,"url":"https:\/\/plenamedia.tv\/wp-content\/uploads\/2021\/06\/plenamedia-tv-logo.png","type":"image\/png"}],"twitter_card":"summary_large_image","schema":{"@context":"https:\/\/schema.org","@graph":[{"@type":"WebPage","@id":"https:\/\/plenamedia.tv\/fr\/contact\/","url":"https:\/\/plenamedia.tv\/fr\/contact\/","name":"Contact - plenamedia.tv","isPartOf":{"@id":"https:\/\/plenamedia.tv\/fr\/#website"},"datePublished":"2021-01-06T15:30:35+00:00","dateModified":"2021-03-31T10:48:51+00:00","breadcrumb":{"@id":"https:\/\/plenamedia.tv\/fr\/contact\/#breadcrumb"},"inLanguage":"fr-FR","potentialAction":[{"@type":"ReadAction","target":["https:\/\/plenamedia.tv\/fr\/contact\/"]}]},{"@type":"BreadcrumbList","@id":"https:\/\/plenamedia.tv\/fr\/contact\/#breadcrumb","itemListElement":[{"@type":"ListItem","position":1,"name":"Startseite","item":"https:\/\/plenamedia.tv\/fr\/"},{"@type":"ListItem","position":2,"name":"Contact"}]},{"@type":"WebSite","@id":"https:\/\/plenamedia.tv\/fr\/#website","url":"https:\/\/plenamedia.tv\/fr\/","name":"plenamedia.tv","description":"Filmproduktion, Imagefilme, Messefilme","potentialAction":[{"@type":"SearchAction","target":{"@type":"EntryPoint","urlTemplate":"https:\/\/plenamedia.tv\/fr\/?s={search_term_string}"},"query-input":{"@type":"PropertyValueSpecification","valueRequired":true,"valueName":"search_term_string"}}],"inLanguage":"fr-FR"}]}},"_links":{"self":[{"href":"https:\/\/plenamedia.tv\/fr\/wp-json\/wp\/v2\/pages\/4033"}],"collection":[{"href":"https:\/\/plenamedia.tv\/fr\/wp-json\/wp\/v2\/pages"}],"about":[{"href":"https:\/\/plenamedia.tv\/fr\/wp-json\/wp\/v2\/types\/page"}],"author":[{"embeddable":true,"href":"https:\/\/plenamedia.tv\/fr\/wp-json\/wp\/v2\/users\/1"}],"replies":[{"embeddable":true,"href":"https:\/\/plenamedia.tv\/fr\/wp-json\/wp\/v2\/comments?post=4033"}],"version-history":[{"count":0,"href":"https:\/\/plenamedia.tv\/fr\/wp-json\/wp\/v2\/pages\/4033\/revisions"}],"wp:attachment":[{"href":"https:\/\/plenamedia.tv\/fr\/wp-json\/wp\/v2\/media?parent=4033"}],"curies":[{"name":"wp","href":"https:\/\/api.w.org\/{rel}","templated":true}]}}