{"id":4936,"date":"2020-02-05T16:02:48","date_gmt":"2020-02-05T16:02:48","guid":{"rendered":"https:\/\/plenamedia.tv\/impressum\/"},"modified":"2024-05-28T14:36:28","modified_gmt":"2024-05-28T13:36:28","slug":"mentions-legales","status":"publish","type":"page","link":"https:\/\/plenamedia.tv\/fr\/mentions-legales\/","title":{"rendered":"Mentions l\u00e9gales"},"content":{"rendered":"<div id=\"pl-4936\"  class=\"panel-layout\" ><div id=\"pg-4936-0\"  class=\"panel-grid panel-has-style\" ><div class=\"panel-row-style panel-row-style-for-4936-0\" ><div id=\"pgc-4936-0-0\"  class=\"panel-grid-cell\" ><div id=\"panel-4936-0-0-0\" class=\"so-panel widget widget_cruddy-area-sow panel-first-child panel-last-child\" data-index=\"0\" ><div\n\t\t\t\n\t\t\tclass=\"so-widget-cruddy-area-sow so-widget-cruddy-area-sow-base\"\n\t\t\t\n\t\t>\r\n<div class=\"cruddy-area\">\r\n\t<div class=\"cruddy-area-content\" style=\"max-width: 1180px\">\r\n\t\t<div id=\"pl-w0cda97fb\"  class=\"panel-layout\" ><div id=\"pg-w0cda97fb-0\"  class=\"panel-grid panel-no-style\" ><div id=\"pgc-w0cda97fb-0-0\"  class=\"panel-grid-cell\" ><div id=\"panel-w0cda97fb-0-0-0\" class=\"so-panel widget widget_text panel-first-child panel-last-child\" data-index=\"0\" ><div class=\"panel-widget-style panel-widget-style-for-w0cda97fb-0-0-0\" >\t\t\t<div class=\"textwidget\"><p>Heike K\u00f6ppen, exer\u00e7ant sous le nom de plenamedia.tv<br \/>\nBreitenweg 9b<br \/>\n51429 Bergisch Gladbach<br \/>\nAllemagne<\/p>\n<p><strong>Interlocuteur\u00a0:<\/strong><br \/>\nHeike K\u00f6ppen-Heddaeus<\/p>\n<p>info@plenamedia.tv<br \/>\n+49 2202 25 45 00<\/p>\n<p>N\u00b0 TVA\u00a0: DE213767038<\/p>\n<p><strong>Conditions g\u00e9n\u00e9rales de vente de plenamedia.tv<\/strong><br \/>\n<a href=\"https:\/\/plenamedia.tv\/fr\/cgv\/\" target=\"_blank\" rel=\"noopener\">CGV pour clients films<\/a><\/p>\n<p><strong>Politique de confidentialit\u00e9<\/strong><br \/>\nVous trouverez <a href=\"https:\/\/plenamedia.tv\/fr\/politique-de-confidentialite\/\" target=\"_blank\" rel=\"noopener\">ici<\/a> la politique de confidentialit\u00e9 compl\u00e8te.<\/p>\n<p><strong>R\u00e9f\u00e9rence photo\u00a0:<\/strong><br \/>\n<a href=\"http:\/\/commons.wikimedia.org\/wiki\/File:Sunset_over_Paris_5,_France_August_2013.jpg\" target=\"_blank\" rel=\"noopener\">http:\/\/commons.wikimedia.org\/wiki\/File:Sunset_over_Paris_5,_France_August_2013.jpg<\/a><br \/>\n<a href=\"http:\/\/commons.wikimedia.org\/wiki\/File:Cologne_Cathedral_and_the_Hohenzollern_Bridge.jpg\" target=\"_blank\" rel=\"noopener\">http:\/\/commons.wikimedia.org\/wiki\/File:Cologne_Cathedral_and_the_Hohenzollern_Bridge.jpg<\/a><br \/>\n<a href=\"http:\/\/commons.wikimedia.org\/wiki\/File:Manhattan,_New_York2.JPG\" target=\"_blank\" rel=\"noopener\">http:\/\/commons.wikimedia.org\/wiki\/File:Manhattan,_New_York2.JPG<\/a><\/p>\n<\/div>\n\t\t<\/div><\/div><\/div><\/div><\/div>\t<\/div>\r\n<\/div><\/div><\/div><\/div><\/div><\/div><\/div>","protected":false},"excerpt":{"rendered":"<p>Heike K\u00f6ppen, exer\u00e7ant sous le nom de plenamedia.tv Breitenweg 9b 51429 Bergisch Gladbach Allemagne Interlocuteur\u00a0: Heike K\u00f6ppen-Heddaeus info@plenamedia.tv +49 2202 25 45 00 N\u00b0 TVA\u00a0: DE213767038 Conditions g\u00e9n\u00e9rales de vente de plenamedia.tv CGV pour clients films Politique de confidentialit\u00e9 Vous trouverez ici la politique de confidentialit\u00e9 compl\u00e8te. R\u00e9f\u00e9rence photo\u00a0: http:\/\/commons.wikimedia.org\/wiki\/File:Sunset_over_Paris_5,_France_August_2013.jpg http:\/\/commons.wikimedia.org\/wiki\/File:Cologne_Cathedral_and_the_Hohenzollern_Bridge.jpg http:\/\/commons.wikimedia.org\/wiki\/File:Manhattan,_New_York2.JPG<\/p>\n","protected":false},"author":1,"featured_media":0,"parent":0,"menu_order":0,"comment_status":"closed","ping_status":"closed","template":"","meta":{"_acf_changed":false,"footnotes":""},"acf":[],"yoast_head":"<!-- This site is optimized with the Yoast SEO plugin v24.5 - https:\/\/yoast.com\/wordpress\/plugins\/seo\/ -->\n<title>Mentions l\u00e9gales - plenamedia.tv<\/title>\n<meta name=\"robots\" content=\"noindex, follow\" \/>\n<meta property=\"og:locale\" content=\"fr_FR\" \/>\n<meta property=\"og:type\" content=\"article\" \/>\n<meta property=\"og:title\" content=\"Mentions l\u00e9gales - plenamedia.tv\" \/>\n<meta property=\"og:description\" content=\"Heike K\u00f6ppen, exer\u00e7ant sous le nom de plenamedia.tv Breitenweg 9b 51429 Bergisch Gladbach Allemagne Interlocuteur\u00a0: Heike K\u00f6ppen-Heddaeus info@plenamedia.tv +49 2202 25 45 00 N\u00b0 TVA\u00a0: DE213767038 Conditions g\u00e9n\u00e9rales de vente de plenamedia.tv CGV pour clients films Politique de confidentialit\u00e9 Vous trouverez ici la politique de confidentialit\u00e9 compl\u00e8te. R\u00e9f\u00e9rence photo\u00a0: http:\/\/commons.wikimedia.org\/wiki\/File:Sunset_over_Paris_5,_France_August_2013.jpg http:\/\/commons.wikimedia.org\/wiki\/File:Cologne_Cathedral_and_the_Hohenzollern_Bridge.jpg http:\/\/commons.wikimedia.org\/wiki\/File:Manhattan,_New_York2.JPG\" \/>\n<meta property=\"og:url\" content=\"https:\/\/plenamedia.tv\/fr\/mentions-legales\/\" \/>\n<meta property=\"og:site_name\" content=\"plenamedia.tv\" \/>\n<meta property=\"article:publisher\" content=\"https:\/\/www.facebook.com\/plenamediatv\/\" \/>\n<meta property=\"article:modified_time\" content=\"2024-05-28T13:36:28+00:00\" \/>\n<meta property=\"og:image\" content=\"https:\/\/plenamedia.tv\/wp-content\/uploads\/2021\/06\/plenamedia-tv-logo.png\" \/>\n\t<meta property=\"og:image:width\" content=\"512\" \/>\n\t<meta property=\"og:image:height\" content=\"70\" \/>\n\t<meta property=\"og:image:type\" content=\"image\/png\" \/>\n<meta name=\"twitter:card\" content=\"summary_large_image\" \/>\n<meta name=\"twitter:label1\" content=\"Dur\u00e9e de lecture estim\u00e9e\" \/>\n\t<meta name=\"twitter:data1\" content=\"1 minute\" \/>\n<!-- \/ Yoast SEO plugin. -->","yoast_head_json":{"title":"Mentions l\u00e9gales - plenamedia.tv","robots":{"index":"noindex","follow":"follow"},"og_locale":"fr_FR","og_type":"article","og_title":"Mentions l\u00e9gales - plenamedia.tv","og_description":"Heike K\u00f6ppen, exer\u00e7ant sous le nom de plenamedia.tv Breitenweg 9b 51429 Bergisch Gladbach Allemagne Interlocuteur\u00a0: Heike K\u00f6ppen-Heddaeus info@plenamedia.tv +49 2202 25 45 00 N\u00b0 TVA\u00a0: DE213767038 Conditions g\u00e9n\u00e9rales de vente de plenamedia.tv CGV pour clients films Politique de confidentialit\u00e9 Vous trouverez ici la politique de confidentialit\u00e9 compl\u00e8te. R\u00e9f\u00e9rence photo\u00a0: http:\/\/commons.wikimedia.org\/wiki\/File:Sunset_over_Paris_5,_France_August_2013.jpg http:\/\/commons.wikimedia.org\/wiki\/File:Cologne_Cathedral_and_the_Hohenzollern_Bridge.jpg http:\/\/commons.wikimedia.org\/wiki\/File:Manhattan,_New_York2.JPG","og_url":"https:\/\/plenamedia.tv\/fr\/mentions-legales\/","og_site_name":"plenamedia.tv","article_publisher":"https:\/\/www.facebook.com\/plenamediatv\/","article_modified_time":"2024-05-28T13:36:28+00:00","og_image":[{"width":512,"height":70,"url":"https:\/\/plenamedia.tv\/wp-content\/uploads\/2021\/06\/plenamedia-tv-logo.png","type":"image\/png"}],"twitter_card":"summary_large_image","twitter_misc":{"Dur\u00e9e de lecture estim\u00e9e":"1 minute"},"schema":{"@context":"https:\/\/schema.org","@graph":[{"@type":"WebPage","@id":"https:\/\/plenamedia.tv\/fr\/mentions-legales\/","url":"https:\/\/plenamedia.tv\/fr\/mentions-legales\/","name":"Mentions l\u00e9gales - plenamedia.tv","isPartOf":{"@id":"https:\/\/plenamedia.tv\/fr\/#website"},"datePublished":"2020-02-05T16:02:48+00:00","dateModified":"2024-05-28T13:36:28+00:00","breadcrumb":{"@id":"https:\/\/plenamedia.tv\/fr\/mentions-legales\/#breadcrumb"},"inLanguage":"fr-FR","potentialAction":[{"@type":"ReadAction","target":["https:\/\/plenamedia.tv\/fr\/mentions-legales\/"]}]},{"@type":"BreadcrumbList","@id":"https:\/\/plenamedia.tv\/fr\/mentions-legales\/#breadcrumb","itemListElement":[{"@type":"ListItem","position":1,"name":"Startseite","item":"https:\/\/plenamedia.tv\/fr\/"},{"@type":"ListItem","position":2,"name":"Mentions l\u00e9gales"}]},{"@type":"WebSite","@id":"https:\/\/plenamedia.tv\/fr\/#website","url":"https:\/\/plenamedia.tv\/fr\/","name":"plenamedia.tv","description":"Filmproduktion, Imagefilme, Messefilme","potentialAction":[{"@type":"SearchAction","target":{"@type":"EntryPoint","urlTemplate":"https:\/\/plenamedia.tv\/fr\/?s={search_term_string}"},"query-input":{"@type":"PropertyValueSpecification","valueRequired":true,"valueName":"search_term_string"}}],"inLanguage":"fr-FR"}]}},"_links":{"self":[{"href":"https:\/\/plenamedia.tv\/fr\/wp-json\/wp\/v2\/pages\/4936"}],"collection":[{"href":"https:\/\/plenamedia.tv\/fr\/wp-json\/wp\/v2\/pages"}],"about":[{"href":"https:\/\/plenamedia.tv\/fr\/wp-json\/wp\/v2\/types\/page"}],"author":[{"embeddable":true,"href":"https:\/\/plenamedia.tv\/fr\/wp-json\/wp\/v2\/users\/1"}],"replies":[{"embeddable":true,"href":"https:\/\/plenamedia.tv\/fr\/wp-json\/wp\/v2\/comments?post=4936"}],"version-history":[{"count":2,"href":"https:\/\/plenamedia.tv\/fr\/wp-json\/wp\/v2\/pages\/4936\/revisions"}],"predecessor-version":[{"id":18518,"href":"https:\/\/plenamedia.tv\/fr\/wp-json\/wp\/v2\/pages\/4936\/revisions\/18518"}],"wp:attachment":[{"href":"https:\/\/plenamedia.tv\/fr\/wp-json\/wp\/v2\/media?parent=4936"}],"curies":[{"name":"wp","href":"https:\/\/api.w.org\/{rel}","templated":true}]}}