{"id":18564,"date":"2024-06-27T15:42:17","date_gmt":"2024-06-27T14:42:17","guid":{"rendered":"https:\/\/plenamedia.tv\/?page_id=18564"},"modified":"2024-06-27T15:48:00","modified_gmt":"2024-06-27T14:48:00","slug":"produzione-video-il-video-di-presentazione-aziendale","status":"publish","type":"page","link":"https:\/\/plenamedia.tv\/it\/produzione-video-il-video-di-presentazione-aziendale\/","title":{"rendered":"Produzione video: il video di presentazione aziendale"},"content":{"rendered":"<div id=\"pl-18564\"  class=\"panel-layout\" ><div id=\"pg-18564-0\"  class=\"panel-grid panel-no-style\" ><div id=\"pgc-18564-0-0\"  class=\"panel-grid-cell\" ><div id=\"panel-18564-0-0-0\" class=\"so-panel widget widget_cruddy-area-sow panel-first-child panel-last-child\" data-index=\"0\" ><div\n\t\t\t\n\t\t\tclass=\"so-widget-cruddy-area-sow so-widget-cruddy-area-sow-base\"\n\t\t\t\n\t\t>\r\n<div class=\"cruddy-area\">\r\n\t<div class=\"cruddy-area-content\" style=\"max-width: 1180px\">\r\n\t\t<div id=\"pl-w713626a6\"  class=\"panel-layout\" ><div id=\"pg-w713626a6-0\"  class=\"panel-grid panel-no-style\" ><div id=\"pgc-w713626a6-0-0\"  class=\"panel-grid-cell\" ><div id=\"panel-w713626a6-0-0-0\" class=\"so-panel widget widget_sow-editor panel-first-child panel-last-child\" data-index=\"0\" ><div class=\"panel-widget-style panel-widget-style-for-w713626a6-0-0-0\" ><div\n\t\t\t\n\t\t\tclass=\"so-widget-sow-editor so-widget-sow-editor-base\"\n\t\t\t\n\t\t><h3 class=\"widget-title\">Produzione video: il video di presentazione aziendale<\/h3>\n<div class=\"siteorigin-widget-tinymce textwidget\">\n\t<p><span style=\"font-weight: 400;\">Qualsiasi video legato alla vostra azienda e\/o prodotto per quest\u2019ultima pu\u00f2 essere considerato un video di presentazione aziendale. A prescindere dal tipo di video, che sia un video per fiere, un video di presentazione prodotto, un video per macchinari industriali, un video di recruiting o un qualsiasi video esplicativo, l\u2019obiettivo \u00e8 sempre una presentazione concisa e accattivante della vostra azienda, del vostro marchio o di un elemento di esso. Ogni tipo di video deve generare nello spettatore delle emozioni positive, che verranno automaticamente associate alla vostra azienda: lo spettatore diverr\u00e0 allora un nuovo cliente o un nuovo collaboratore fidato. A tal fine, scriviamo per il video una sceneggiatura che rappresenti adeguatamente l\u2019immagine dell\u2019azienda e il modo in cui viene percepita dal pubblico. Le emozioni suscitate dal video, da sole, non bastano a fidelizzare i clienti. Il video presenter\u00e0 le caratteristiche e i punti di forza unici del vostro marchio in maniera memorabile, in modo da migliorare l\u2019immagine dell\u2019azienda. Insieme a voi, sceglieremo immagini e suoni che aumentino l\u2019interesse e l\u2019attenzione per il vostro marchio. Un testo pubblicitario non sar\u00e0 mai letto per intero- generalmente, non pi\u00f9 di cinque frasi. Il video aziendale ideale coinvolge pi\u00f9 cellule del nostro cervello, ma viene spesso guardato con poca attenzione alle informazioni.<strong> Questo tipo di filmato non ha una durata prestabilita, ma dev\u2019essere il pi\u00f9 breve possibile. Il nostro incentivo per voi: la produzione di video di presentazione aziendale di plenamedia.tv.<\/strong><\/span><\/p>\n<p>&nbsp;<\/p>\n<p>&nbsp;<\/p>\n<h2><strong>Diverse produzioni video: video di presentazione aziendale<\/strong><\/h2>\n<p>&nbsp;<\/p>\n<h3><span style=\"font-weight: 400;\">- il video aziendale emozionale<\/span><\/h3>\n<p><span style=\"font-weight: 400;\">Si tratta di un tipo di video in cui la presenza di un membro del personale che fa un tour dell'azienda, con l'audio originale, genera un alto grado di credibilit\u00e0 e autenticit\u00e0 presso i potenziali clienti, oltre a personalizzare l'azienda e a rafforzare l\u2019immagine del marchio. Adatto alle aziende pi\u00f9 conservatrici e tradizionali.<\/span><\/p>\n<h3><span style=\"font-weight: 400;\">- il video aziendale realistico<\/span><\/h3>\n<p><span style=\"font-weight: 400;\">L\u2019azienda, il personale e i prodotti vengono presentati in maniera oggettiva. La sceneggiatura dipende dalla struttura dell\u2019azienda. Il video viene commentato alternativamente da una voce narrante e dal manager dell\u2019azienda. In questo modo si trasmette allo spettatore il maggior numero di informazioni sull\u2019attivit\u00e0.<\/span><\/p>\n<p><b>Una fusione tra un video aziendale emozionale e un video realistico<\/b><span style=\"font-weight: 400;\"> \u00e8 l\u2019ideale per gli eventi speciali, come i festeggiamenti per il centenario della vostra azienda. <\/span><span style=\"font-weight: 400;\">Raccontare la storia dell\u2019attivit\u00e0, dagli inizi fino alla sua presenza in tutto il mondo, lascia un sufficiente margine di libert\u00e0 alla simbiosi dei due elementi stilistici. Questo video, che dura oltre 6 minuti, \u00e8 arricchito da un logo sonoro in 3D, come tutti i video da noi realizzati. Il manager dell\u2019azienda ha scelto questa durata e questo tipo di formato per festeggiare l\u2019anniversario dell\u2019attivit\u00e0, in un filmato che unisce immagini del passato e considerazioni sulla produzione attuale. Con questo materiale possiamo produrre, facilmente e a basso costo, anche video aziendali pi\u00f9 corti.<\/span><\/p>\n<h3>- il cliente come protagonista<\/h3>\n<p><span style=\"font-weight: 400;\">Un cliente presenta, dal suo punto di vista, le qualit\u00e0 principali della vostra azienda, soprattutto in termini di fruibilit\u00e0. Descrive l\u2019azienda come la vede lui, dal manager, al personale, ai centri di produzione e ai prodotti. Pi\u00f9 che comunicare fatti, questo tipo di video mira a trasmettere le reazioni emotive che la vostra azienda suscita nel cliente.<\/span><\/p>\n<h3>-il video aziendale moderno o \u201cvirale\u201d<\/h3>\n<p><span style=\"font-weight: 400;\">Un contenuto si definisce virale quando si diffonde sul web rapidamente come un virus. Un video aziendale virale richiede una trama e una pianificazione preliminare impeccabili. Per soddisfare le aspettative del gruppo target, il video deve rispettare un determinato formato, essere il pi\u00f9 corto possibile e suscitare emozioni. Deve far ridere, piangere, sconvolgere, commuovere. Il messaggio dev\u2019essere credibile e sincero e la storia deve concludersi in maniera inusuale e imprevedibile. Allo stesso tempo, lo scopo del video resta la presentazione della vostra azienda e del vostro marchio sotto una luce positiva, che migliori l\u2019immagine della vostra attivit\u00e0.<\/span><\/p>\n<h2><\/h2>\n<p>&nbsp;<\/p>\n<h2><strong>Produzione video: il video di presentazione aziendale<\/strong><\/h2>\n<p>&nbsp;<\/p>\n<h3><strong>L\u2019ideazione<\/strong><\/h3>\n<p><span style=\"font-weight: 400;\">Plenamedia.tv resta al vostro fianco dall\u2019ideazione alla diffusione del video sulle piattaforme di vostra scelta.<\/span><\/p>\n<p><span style=\"font-weight: 400;\">Grazie alla mia formazione ed esperienza nel campo della produzione multimediale e in qualit\u00e0 di regista e proprietaria di plenamedia.tv, sar\u00f2 il vostro punto di riferimento nell\u2019elaborazione dello story-board e della sceneggiatura. Di entrambi mi occuper\u00f2 personalmente in seguito a colloqui che effettueremo presso la vostra azienda, per telefono o in videoconferenza. Sarete voi a fornirci tutte le informazioni necessarie per la produzione: lo scopo del video, ci\u00f2 che dev\u2019essere rappresentato, il gruppo target da raggiungere, l\u2019essenza del vostro marchio e del vostro prodotto, lo stile, il formato e la qualit\u00e0 in cui il filmato dev\u2019essere prodotto (Full-HD, 4K o 8K) e la piattaforma su cui dovr\u00e0 essere presentato. Ci indicherete inoltre se desiderate effetti speciali, come un semplice mixaggio audio, uno o pi\u00f9 interventi in varie lingue straniere o altri effetti acustici e suoni speciali.<\/span><\/p>\n<p><span style=\"font-weight: 400;\">Vi sembrer\u00e0 probabilmente un lavoro molto lungo, ma abbiamo gi\u00e0 preparato una check-list per voi o per i vostri collaboratori coinvolti nell\u2019ideazione del filmato, che compilerete nella maniera pi\u00f9 sintetica possibile. Discuter\u00f2 i punti da chiarire con i collaboratori da voi indicati. Su questa base, creer\u00f2 per voi lo storyboard e, nella fase successiva, programmer\u00f2 le riprese. A questo punto, sar\u00e0 possibile calcolare i costi definitivi del video aziendale. Per saperne di pi\u00f9, vedere <\/span><i><span style=\"font-weight: 400;\">Costi di un video aziendale<\/span><\/i><span style=\"font-weight: 400;\">.<\/span><\/p>\n<h3><strong>Le riprese<\/strong><\/h3>\n<p><span style=\"font-weight: 400;\">Se non siamo gi\u00e0 stati presso la vostra azienda prima delle riprese, potrete semplicemente chiedere a uno dei vostri collaboratori di accompagnarci. Grazie al calendario delle riprese, sarete sempre informati sullo svolgimento di queste ultime. Poich\u00e9 sono una regista e non un cameraman, sar\u00f2 sempre presente sul set, ma mi concentrer\u00f2 sull\u2019elaborazione professionale dello storyboard, sul rispetto dei tempi di ripresa e sulla gestione professionale della telecamera. Il programma delle riprese tiene conto dello svolgimento dei processi operativi aziendali. Finora, siamo riusciti a realizzare una forma di \u201cpresenza virtuale\u201d. Se siete curiosi di conoscere i progressi della produzione del vostro video di presentazione aziendale, potrete assistere indirettamente alle riprese tramite assistenza video ed eventualmente apportare modifiche allo storyboard.<\/span><\/p>\n<p><span style=\"font-weight: 400;\">Naturalmente, utilizziamo tecnologie audio e di illuminazione moderne. I nostri video vengono realizzati con l\u2019aiuto di telecamere all\u2019avanguardia, in 4K-12K, e vengono poi finalizzati in 4K durante la postproduzione. I nostri obiettivi sono progettati per la produzione di film in 4K-12K. Vi possiamo garantire, quindi, che i nostri video saranno ancora utilizzabili in futuro.<\/span><\/p>\n<p><span style=\"font-weight: 400;\">Eventuali riprese aeree con droni quadricotteri (telecamera Hasselblad 4K), slider o green screen, dovranno essere inserite all\u2019interno dello storyboard e del programma delle riprese durante la pianificazione preliminare. \u00c8 possibile, ovviamente, effettuare riprese con questi dispositivi in un secondo momento e integrarle in un video gi\u00e0 completato, ma ci\u00f2 comporterebbe del lavoro aggiuntivo dovuto a nuovi giorni di riprese e ad ore, o addirittura giorni, di post-produzione.<\/span><\/p>\n<h3><strong>Post-produzione<\/strong><\/h3>\n<p><span style=\"font-weight: 400;\">\u00c8 il completamento del video aziendale. In linea con lo storyboard e con il programma delle riprese, il video aziendale \u00e8 composto da immagini girate da professionisti. <strong>Il montaggio del video<\/strong> \u00e8 la prima tappa della post-produzione. Il montatore video e il regista visionano insieme il materiale del video e ne producono un\u2019anteprima- la versione grezza e montata del materiale registrato. Questa viene messa a vostra disposizione.<\/span><\/p>\n<p><span style=\"font-weight: 400;\">Contemporaneamente, riceverete delle proposte musicali. Ai nostri clienti consigliamo la musica royalty-free di GEMA. Alla prima presentazione, i brani musicali contengono ancora filigrana. Scegliamo i brani in base al ritmo e all\u2019adattabilit\u00e0 allo stile del vostro video aziendale. Una volta scelto il brano, la filigrana verr\u00e0 rimossa dalla traccia e i rumori di fondo non saranno pi\u00f9 udibili.<\/span><\/p>\n<p><b>Seconda tappa: color grading<\/b><\/p>\n<p><span style=\"font-weight: 400;\">Una volta approvata la sequenza d\u2019immagini, ovvero la bozza del video aziendale, si passa al color grading. I colori vengono adattati all\u2019ambientazione del video e all\u2019avanzamento dinamico dell\u2019immagine legato alla scelta della musica. Si opter\u00e0 per dei toni pi\u00f9 caldi in video enfatici ed emozionali con musica dal ritmo sostenuto, mentre toni e colori pi\u00f9 freddi si adatteranno maggiormente a video realistici con una rapida successione di immagini legata al ritmo incalzante della musica.<\/span><\/p>\n<p><span style=\"font-weight: 400;\">Entro e non oltre questo momento avremo bisogno non soltanto delle registrazioni originali delle interviste, ma anche di eventuali <\/span><b>commenti <\/b><span style=\"font-weight: 400;\">da incorporare nel video e di testi per le copertine, il cui design \u00e8 stato concordato con voi. Saremo lieti di fornirvi degli speaker professionisti per il testo del vostro video aziendale- anche madrelingua per i testi in lingua straniera. Grazie alla sua pluriennale esperienza in televisione e soprattutto in radio, la nostra regista dispone di una fitta rete di attori in Europa e al di fuori dell\u2019Europa per molte lingue, compreso il mandarino.\u00a0<\/span><\/p>\n<p><b>Terza tappa<\/b><span style=\"font-weight: 400;\">: il <\/span><b>mixaggio audio<\/b><span style=\"font-weight: 400;\"> e\/o il <\/span><b>design del suono. <\/b><span style=\"font-weight: 400;\">Si pu\u00f2 trattare di un semplice adattamento ed elaborazione tecnica delle tracce sonore o di una creazione sonora professionale con l\u2019aggiunta di effetti sonori o rumori.<\/span><\/p>\n<p><b>Animazione 2D\/3D<\/b><\/p>\n<p><span style=\"font-weight: 400;\">La condizione necessaria all\u2019aggiunta delle animazioni \u00e8 che il video sia stato ultimato, ovvero che abbiate dato la vostra approvazione finale.<\/span><\/p>\n<p><span style=\"font-weight: 400;\">Inoltre, possiamo creare per il vostro video un <\/span><b>logo sonoro animato in 2D<\/b><span style=\"font-weight: 400;\">, che funger\u00e0 da ulteriore segno distintivo acustico del vostro marchio. Oppure, possiamo integrare nel video i pi\u00f9 semplici processi di innovazione dei vostri prodotti e le loro modalit\u00e0 di svolgimento in modo realistico e comprensibile sotto forma di animazione 3D. <\/span><span style=\"font-weight: 400;\">La creazione di logo sonoro animato in 2D o di <strong>un\u2019animazione 2D\/3D<\/strong> \u00e8 un processo lungo e costoso. Per questo, l\u2019eventuale inserimento di questi elementi all\u2019interno del vostro video aziendale dovr\u00e0 essere discusso in fase di pianificazione preliminare.<\/span><\/p>\n<p><span style=\"font-weight: 400;\">Una volta terminata la post-produzione, riceverete la vostra creazione unica sotto forma di link per il download. Inizialmente, il link conterr\u00e0 ancora il timecode e il marchio di plenamedia.tv. Una volta ottenuta la vostra approvazione finale, il timecode e il marchio verranno rimossi. Le nostre produzioni comportano due cicli di correzione. Vi preghiamo di inviarci via e-mail eventuali suggerimenti e richieste di modifiche o miglioramenti.<\/span><\/p>\n<h3>-il video aziendale moderno o \u201cvirale\u201d<\/h3>\n<p><span style=\"font-weight: 400;\">Un contenuto si definisce virale quando si diffonde sul web rapidamente come un virus. Un video aziendale virale richiede una trama e una pianificazione preliminare impeccabili. Per soddisfare le aspettative del gruppo target, il video deve rispettare un determinato formato, essere il pi\u00f9 corto possibile e suscitare emozioni. Deve far ridere, piangere, sconvolgere, commuovere. Il messaggio dev\u2019essere credibile e sincero e la storia deve concludersi in maniera inusuale e imprevedibile. Allo stesso tempo, lo scopo del video resta la presentazione della vostra azienda e del vostro marchio sotto una luce positiva, che migliori l\u2019immagine della vostra attivit\u00e0.<\/span><\/p>\n<h2>Produzione video- costi di un video aziendale<\/h2>\n<p><span style=\"font-weight: 400;\">Parecchi video aziendali vengono venduti- e anche pagati, purtroppo- a prezzi assolutamente irrealistici. Noi di plenamedia.tv diffidiamo dagli annunci pubblicitari orientati alla vendita a basso costo, poich\u00e9 si tratta, a nostro avviso, di offerte poco serie, come la produzione di video aziendali a partire da 900,00 euro.\u00a0<\/span><\/p>\n<p><span style=\"font-weight: 400;\">In un video di presentazione aziendale, \u00e8 importante presentare la classe e la qualit\u00e0 della vostra azienda. Verificate sempre che risponda a tutte le vostre esigenze e che vi venga proposto e prodotto a un prezzo fisso e realistico, proprio come i video di plenamedia.tv. Qui da noi, siete voi a definire, in fase di pianificazione, la portata delle riprese (numero di telecamere, effetti speciali aggiuntivi, eventuale utilizzo di slider per telecamera, eventuali riprese aeree con droni, tempi di ripresa) e la postproduzione (tagli, effetti sonori speciali, formato e durata del video, qualit\u00e0 d\u2019immagine in FullHD, 4K o 8K, transizioni, attori o speaker anche per lingue straniere, aggiunta di animazioni, produzione di teaser, ecc). Una serie di fattori che, sommati, determinano il prezzo finale. Poich\u00e9 ogni filmato \u00e8 realizzato in esclusiva per voi, il prezzo finale vincolante \u2013 legato ai servizi definiti nello storyboard - pu\u00f2 essere calcolato per voi solo dopo la realizzazione dello storyboard, tenendo conto di tutti i fattori coinvolti: <\/span><b>pianificazione, produzione e post-produzione<\/b><span style=\"font-weight: 400;\">.<\/span><\/p>\n<p><span style=\"font-weight: 400;\">Lo story-board e il programma delle riprese indicano i giorni di ripresa, il numero di telecamere utilizzate, l\u2019illuminazione, il suono e gli effetti speciali richiesti, gli speaker da ingaggiare, ma anche l\u2019insieme delle attivit\u00e0 di postproduzione. Eventuali modifiche di prezzo prima dell\u2019inizio delle riprese, in linea con il budget disponibile, possono essere effettuate il prima possibile senza costi aggiuntivi.\u00a0 Tuttavia, tali modifiche a breve termine sono sempre associate a costi del tutto trascurabili una volta che il team \u00e8 stato costituito e i giorni di ripresa sono stati fissati.<\/span><\/p>\n<p><span style=\"font-weight: 400;\">Produrre un filmato aziendale \u00e8 come confezionare un abito su misura. Una volta prese le misure, scelti lo stile dell'abito e la qualit\u00e0 del tessuto, calcolato il costo dei materiali e il carico di lavoro, \u00e8 possibile determinare il prezzo del vostro abito su misura sotto forma di video aziendale. I costi realistici per un video di presentazione aziendale che soddisfi le esigenze della vostra azienda sono compresi tra i 7.000,00 e i 15.000,00 euro.<\/span><\/p>\n<p>&nbsp;<\/p>\n<h2>I punti a favore di un film di presentazione aziendale<\/h2>\n<p>&nbsp;<\/p>\n<ul>\n<li style=\"font-weight: 400;\" aria-level=\"1\"><span style=\"font-weight: 400;\">favorisce la fidelizzazione della clientela \u2013 dei potenziali clienti e di quelli gi\u00e0 esistenti<\/span><\/li>\n<li style=\"font-weight: 400;\" aria-level=\"1\"><span style=\"font-weight: 400;\">\u00e8 pi\u00f9 accessibile al gruppo target<\/span><\/li>\n<li style=\"font-weight: 400;\" aria-level=\"1\"><span style=\"font-weight: 400;\">garantisce il miglioramento dell\u2019immagine dell\u2019azienda<\/span><\/li>\n<li style=\"font-weight: 400;\" aria-level=\"1\"><span style=\"font-weight: 400;\">\u00e8 uno strumento di marketing per la pubblicit\u00e0 online<\/span><\/li>\n<li style=\"font-weight: 400;\" aria-level=\"1\"><span style=\"font-weight: 400;\">conferisce una maggiore visibilit\u00e0 rispetto alla pubblicit\u00e0 su carta stampata<\/span><\/li>\n<li aria-level=\"1\"><span style=\"font-weight: 400;\">influenza positivamente il comportamento d\u2019acquisto<\/span><\/li>\n<\/ul>\n<p>&nbsp;<\/p>\n<\/div>\n<\/div><\/div><\/div><\/div><\/div><\/div>\t<\/div>\r\n<\/div><\/div><\/div><\/div><\/div><\/div>","protected":false},"excerpt":{"rendered":"<p>Produzione video: il video di presentazione aziendale Qualsiasi video legato alla vostra azienda e\/o prodotto per quest\u2019ultima pu\u00f2 essere considerato un video di presentazione aziendale. A prescindere dal tipo di video, che sia un video per fiere, un video di presentazione prodotto, un video per macchinari industriali, un video di recruiting o un qualsiasi video [&hellip;]<\/p>\n","protected":false},"author":7,"featured_media":0,"parent":0,"menu_order":0,"comment_status":"closed","ping_status":"closed","template":"","meta":{"_acf_changed":false,"footnotes":""},"acf":[],"yoast_head":"<!-- This site is optimized with the Yoast SEO plugin v24.5 - https:\/\/yoast.com\/wordpress\/plugins\/seo\/ -->\n<title>Produzione video: il video di presentazione aziendale - plenamedia.tv<\/title>\n<meta name=\"robots\" content=\"index, follow, max-snippet:-1, max-image-preview:large, max-video-preview:-1\" \/>\n<link rel=\"canonical\" href=\"https:\/\/plenamedia.tv\/it\/produzione-video-il-video-di-presentazione-aziendale\/\" \/>\n<meta property=\"og:locale\" content=\"it_IT\" \/>\n<meta property=\"og:type\" content=\"article\" \/>\n<meta property=\"og:title\" content=\"Produzione video: il video di presentazione aziendale - plenamedia.tv\" \/>\n<meta property=\"og:description\" content=\"Produzione video: il video di presentazione aziendale Qualsiasi video legato alla vostra azienda e\/o prodotto per quest\u2019ultima pu\u00f2 essere considerato un video di presentazione aziendale. A prescindere dal tipo di video, che sia un video per fiere, un video di presentazione prodotto, un video per macchinari industriali, un video di recruiting o un qualsiasi video [&hellip;]\" \/>\n<meta property=\"og:url\" content=\"https:\/\/plenamedia.tv\/it\/produzione-video-il-video-di-presentazione-aziendale\/\" \/>\n<meta property=\"og:site_name\" content=\"plenamedia.tv\" \/>\n<meta property=\"article:publisher\" content=\"https:\/\/www.facebook.com\/plenamediatv\/\" \/>\n<meta property=\"article:modified_time\" content=\"2024-06-27T14:48:00+00:00\" \/>\n<meta property=\"og:image\" content=\"https:\/\/plenamedia.tv\/wp-content\/uploads\/2021\/06\/plenamedia-tv-logo.png\" \/>\n\t<meta property=\"og:image:width\" content=\"512\" \/>\n\t<meta property=\"og:image:height\" content=\"70\" \/>\n\t<meta property=\"og:image:type\" content=\"image\/png\" \/>\n<meta name=\"twitter:card\" content=\"summary_large_image\" \/>\n<meta name=\"twitter:label1\" content=\"Tempo di lettura stimato\" \/>\n\t<meta name=\"twitter:data1\" content=\"13 minuti\" \/>\n<!-- \/ Yoast SEO plugin. -->","yoast_head_json":{"title":"Produzione video: il video di presentazione aziendale - plenamedia.tv","robots":{"index":"index","follow":"follow","max-snippet":"max-snippet:-1","max-image-preview":"max-image-preview:large","max-video-preview":"max-video-preview:-1"},"canonical":"https:\/\/plenamedia.tv\/it\/produzione-video-il-video-di-presentazione-aziendale\/","og_locale":"it_IT","og_type":"article","og_title":"Produzione video: il video di presentazione aziendale - plenamedia.tv","og_description":"Produzione video: il video di presentazione aziendale Qualsiasi video legato alla vostra azienda e\/o prodotto per quest\u2019ultima pu\u00f2 essere considerato un video di presentazione aziendale. A prescindere dal tipo di video, che sia un video per fiere, un video di presentazione prodotto, un video per macchinari industriali, un video di recruiting o un qualsiasi video [&hellip;]","og_url":"https:\/\/plenamedia.tv\/it\/produzione-video-il-video-di-presentazione-aziendale\/","og_site_name":"plenamedia.tv","article_publisher":"https:\/\/www.facebook.com\/plenamediatv\/","article_modified_time":"2024-06-27T14:48:00+00:00","og_image":[{"width":512,"height":70,"url":"https:\/\/plenamedia.tv\/wp-content\/uploads\/2021\/06\/plenamedia-tv-logo.png","type":"image\/png"}],"twitter_card":"summary_large_image","twitter_misc":{"Tempo di lettura stimato":"13 minuti"},"schema":{"@context":"https:\/\/schema.org","@graph":[{"@type":"WebPage","@id":"https:\/\/plenamedia.tv\/it\/produzione-video-il-video-di-presentazione-aziendale\/","url":"https:\/\/plenamedia.tv\/it\/produzione-video-il-video-di-presentazione-aziendale\/","name":"Produzione video: il video di presentazione aziendale - plenamedia.tv","isPartOf":{"@id":"https:\/\/plenamedia.tv\/it\/#website"},"datePublished":"2024-06-27T14:42:17+00:00","dateModified":"2024-06-27T14:48:00+00:00","breadcrumb":{"@id":"https:\/\/plenamedia.tv\/it\/produzione-video-il-video-di-presentazione-aziendale\/#breadcrumb"},"inLanguage":"it-IT","potentialAction":[{"@type":"ReadAction","target":["https:\/\/plenamedia.tv\/it\/produzione-video-il-video-di-presentazione-aziendale\/"]}]},{"@type":"BreadcrumbList","@id":"https:\/\/plenamedia.tv\/it\/produzione-video-il-video-di-presentazione-aziendale\/#breadcrumb","itemListElement":[{"@type":"ListItem","position":1,"name":"Startseite","item":"https:\/\/plenamedia.tv\/it\/"},{"@type":"ListItem","position":2,"name":"Produzione video: il video di presentazione aziendale"}]},{"@type":"WebSite","@id":"https:\/\/plenamedia.tv\/it\/#website","url":"https:\/\/plenamedia.tv\/it\/","name":"plenamedia.tv","description":"Filmproduktion, Imagefilme, Messefilme","potentialAction":[{"@type":"SearchAction","target":{"@type":"EntryPoint","urlTemplate":"https:\/\/plenamedia.tv\/it\/?s={search_term_string}"},"query-input":{"@type":"PropertyValueSpecification","valueRequired":true,"valueName":"search_term_string"}}],"inLanguage":"it-IT"}]}},"_links":{"self":[{"href":"https:\/\/plenamedia.tv\/it\/wp-json\/wp\/v2\/pages\/18564"}],"collection":[{"href":"https:\/\/plenamedia.tv\/it\/wp-json\/wp\/v2\/pages"}],"about":[{"href":"https:\/\/plenamedia.tv\/it\/wp-json\/wp\/v2\/types\/page"}],"author":[{"embeddable":true,"href":"https:\/\/plenamedia.tv\/it\/wp-json\/wp\/v2\/users\/7"}],"replies":[{"embeddable":true,"href":"https:\/\/plenamedia.tv\/it\/wp-json\/wp\/v2\/comments?post=18564"}],"version-history":[{"count":1,"href":"https:\/\/plenamedia.tv\/it\/wp-json\/wp\/v2\/pages\/18564\/revisions"}],"predecessor-version":[{"id":18565,"href":"https:\/\/plenamedia.tv\/it\/wp-json\/wp\/v2\/pages\/18564\/revisions\/18565"}],"wp:attachment":[{"href":"https:\/\/plenamedia.tv\/it\/wp-json\/wp\/v2\/media?parent=18564"}],"curies":[{"name":"wp","href":"https:\/\/api.w.org\/{rel}","templated":true}]}}